{"id":251,"date":"2022-08-19T19:01:20","date_gmt":"2022-08-19T17:01:20","guid":{"rendered":"https:\/\/ateliermahe.fr\/?page_id=251"},"modified":"2022-08-19T19:08:33","modified_gmt":"2022-08-19T17:08:33","slug":"politique-de-confidentialite","status":"publish","type":"page","link":"https:\/\/ateliermahe.fr\/?page_id=251","title":{"rendered":"Politique de Confidentialit\u00e9"},"content":{"rendered":"\t\t<div data-elementor-type=\"wp-page\" data-elementor-id=\"251\" class=\"elementor elementor-251\">\n\t\t\t\t\t\t<section class=\"elementor-section elementor-top-section elementor-element elementor-element-9d2f431 elementor-section-height-min-height elementor-section-boxed elementor-section-height-default elementor-section-items-middle wpr-particle-no wpr-jarallax-no wpr-parallax-no wpr-sticky-section-no wpr-equal-height-no\" data-id=\"9d2f431\" data-element_type=\"section\" data-e-type=\"section\" data-settings=\"{&quot;background_background&quot;:&quot;classic&quot;}\">\n\t\t\t\t\t\t<div class=\"elementor-container elementor-column-gap-default\">\n\t\t\t\t\t<div class=\"elementor-column elementor-col-100 elementor-top-column elementor-element elementor-element-788a4e2\" data-id=\"788a4e2\" data-element_type=\"column\" data-e-type=\"column\">\n\t\t\t<div class=\"elementor-widget-wrap\">\n\t\t\t\t\t\t\t<\/div>\n\t\t<\/div>\n\t\t\t\t\t<\/div>\n\t\t<\/section>\n\t\t\t\t<section class=\"elementor-section elementor-top-section elementor-element elementor-element-7b453864 elementor-hidden-phone elementor-section-boxed elementor-section-height-default elementor-section-height-default wpr-particle-no wpr-jarallax-no wpr-parallax-no wpr-sticky-section-no wpr-equal-height-no elementor-invisible\" data-id=\"7b453864\" data-element_type=\"section\" data-e-type=\"section\" data-settings=\"{&quot;animation&quot;:&quot;fadeIn&quot;,&quot;animation_delay&quot;:50}\">\n\t\t\t\t\t\t<div class=\"elementor-container elementor-column-gap-default\">\n\t\t\t\t\t<div class=\"elementor-column elementor-col-100 elementor-top-column elementor-element elementor-element-610382b6\" data-id=\"610382b6\" data-element_type=\"column\" data-e-type=\"column\">\n\t\t\t<div class=\"elementor-widget-wrap elementor-element-populated\">\n\t\t\t\t\t\t<div class=\"elementor-element elementor-element-46dda79 elementor-widget elementor-widget-spacer\" data-id=\"46dda79\" data-element_type=\"widget\" data-e-type=\"widget\" data-widget_type=\"spacer.default\">\n\t\t\t\t<div class=\"elementor-widget-container\">\n\t\t\t\t\t\t\t<div class=\"elementor-spacer\">\n\t\t\t<div class=\"elementor-spacer-inner\"><\/div>\n\t\t<\/div>\n\t\t\t\t\t\t<\/div>\n\t\t\t\t<\/div>\n\t\t\t\t\t<\/div>\n\t\t<\/div>\n\t\t\t\t\t<\/div>\n\t\t<\/section>\n\t\t\t\t<section class=\"elementor-section elementor-top-section elementor-element elementor-element-57ed744 elementor-section-boxed elementor-section-height-default elementor-section-height-default wpr-particle-no wpr-jarallax-no wpr-parallax-no wpr-sticky-section-no wpr-equal-height-no\" data-id=\"57ed744\" data-element_type=\"section\" data-e-type=\"section\">\n\t\t\t\t\t\t<div class=\"elementor-container elementor-column-gap-default\">\n\t\t\t\t\t<div class=\"elementor-column elementor-col-100 elementor-top-column elementor-element elementor-element-6205b76\" data-id=\"6205b76\" data-element_type=\"column\" data-e-type=\"column\">\n\t\t\t<div class=\"elementor-widget-wrap elementor-element-populated\">\n\t\t\t\t\t\t<div class=\"elementor-element elementor-element-8febbcc elementor-widget elementor-widget-spacer\" data-id=\"8febbcc\" data-element_type=\"widget\" data-e-type=\"widget\" data-widget_type=\"spacer.default\">\n\t\t\t\t<div class=\"elementor-widget-container\">\n\t\t\t\t\t\t\t<div class=\"elementor-spacer\">\n\t\t\t<div class=\"elementor-spacer-inner\"><\/div>\n\t\t<\/div>\n\t\t\t\t\t\t<\/div>\n\t\t\t\t<\/div>\n\t\t\t\t\t<\/div>\n\t\t<\/div>\n\t\t\t\t\t<\/div>\n\t\t<\/section>\n\t\t\t\t<section class=\"elementor-section elementor-top-section elementor-element elementor-element-d38323b animated-slow elementor-section-boxed elementor-section-height-default elementor-section-height-default wpr-particle-no wpr-jarallax-no wpr-parallax-no wpr-sticky-section-no wpr-equal-height-no elementor-invisible\" data-id=\"d38323b\" data-element_type=\"section\" data-e-type=\"section\" data-settings=\"{&quot;animation&quot;:&quot;fadeIn&quot;}\">\n\t\t\t\t\t\t<div class=\"elementor-container elementor-column-gap-default\">\n\t\t\t\t\t<div class=\"elementor-column elementor-col-100 elementor-top-column elementor-element elementor-element-1fa2f9b\" data-id=\"1fa2f9b\" data-element_type=\"column\" data-e-type=\"column\">\n\t\t\t<div class=\"elementor-widget-wrap elementor-element-populated\">\n\t\t\t\t\t\t<div class=\"elementor-element elementor-element-6a08ab7 animated-slow elementor-invisible elementor-widget elementor-widget-heading\" data-id=\"6a08ab7\" data-element_type=\"widget\" data-e-type=\"widget\" data-settings=\"{&quot;_animation&quot;:&quot;fadeIn&quot;,&quot;_animation_delay&quot;:100}\" data-widget_type=\"heading.default\">\n\t\t\t\t<div class=\"elementor-widget-container\">\n\t\t\t\t\t<h2 class=\"elementor-heading-title elementor-size-default\">Politique de Confidentialit\u00e9<\/h2>\t\t\t\t<\/div>\n\t\t\t\t<\/div>\n\t\t\t\t<div class=\"elementor-element elementor-element-2176b2a animated-slow elementor-invisible elementor-widget elementor-widget-text-editor\" data-id=\"2176b2a\" data-element_type=\"widget\" data-e-type=\"widget\" data-settings=\"{&quot;_animation&quot;:&quot;fadeIn&quot;,&quot;_animation_delay&quot;:100}\" data-widget_type=\"text-editor.default\">\n\t\t\t\t<div class=\"elementor-widget-container\">\n\t\t\t\t\t\t\t\t\t<p>DONN\u00c9ES PERSONNELLES COLLECT\u00c9ES<\/p><p>Deux types de donn\u00e9es \u00e0 caract\u00e8re personnel sont collect\u00e9s sur le site :<br \/>&#8211; Donn\u00e9es saisies et envoy\u00e9es via les formulaires<br \/>&#8211; Donn\u00e9es collect\u00e9es par l\u2019outil de mesure d\u2019audience Google Analytics (via son identifiant \u00ab\u00a0CID\u00a0\u00bb)<\/p><p>RESPONSABLE DE TRAITEMENT DES DONN\u00c9ES PERSONNELLES<\/p><p>Les donn\u00e9es personnelles sont collect\u00e9es sur le site par la soci\u00e9t\u00e9 MAHE<\/p><p>FINALIT\u00c9 DE LA COLLECTE DES DONN\u00c9ES PERSONNELLES<\/p><p>La collecte des donn\u00e9es personnelles \u00e0 travers les diff\u00e9rents formulaires pr\u00e9sents sur le site a pour but de :<br \/>&#8211; recontacter les personnes qui ont laiss\u00e9 leurs informations en vue d&rsquo;\u00eatre contact\u00e9es.<br \/>&#8211; assurer un suivi commercial des personnes et entreprises int\u00e9ress\u00e9es par nos services. <br \/>En soumettant le formulaire et en cochant la case \u00e0 cocher de consentement du formulaire, l\u2019internaute donne express\u00e9ment son accord pour que les donn\u00e9es \u00e0 caract\u00e8re personnel soient trait\u00e9es pour la finalit\u00e9 de gestion de la relation commerciale.<\/p><p>La collecte des donn\u00e9es personnelles \u00e0 travers l\u2019outil de suivi d\u2019audience Google Analytics utilis\u00e9 sur le site a pour but d&rsquo;analyser le comportement des internautes sur le site afin de pouvoir mesurer leur audience et am\u00e9liorer leur performance. Google Analytics utilise des cookies tiers afin de distinguer les utilisateurs.<br \/>Les cookies sont des fichiers texte install\u00e9s sur le terminal des internautes. Ils ne contiennent aucune information nominative, uniquement des identifiants cr\u00e9\u00e9s de mani\u00e8re al\u00e9atoire. En parcourant le site, l\u2019internaute donne express\u00e9ment son accord pour que les donn\u00e9es \u00e0 caract\u00e8re personnel collect\u00e9es par Google Analytics soient trait\u00e9es pour la finalit\u00e9 d\u2019analyse du comportement des internautes en vue de l\u2019am\u00e9lioration de la performance du site.<\/p><p>DUR\u00c9E DE CONSERVATIONS DES DONN\u00c9ES PERSONNELLES<\/p><p>Les donn\u00e9es collect\u00e9es via les formulaires sont conserv\u00e9es pendant une dur\u00e9e d\u2019un an \u00e0 compter de l\u2019envoi du formulaire.<br \/>Les cookies utilis\u00e9s par l\u2019outil de mesure d\u2019audience Google Analytics ont les dur\u00e9es de vie suivantes :<br \/>_ga : 2 ans<br \/>_gid : 24 heures <br \/>_gat : 1 minute<\/p><p>CONFIDENTIALIT\u00c9 DES DONN\u00c9ES PERSONNELLES<\/p><p>Les donn\u00e9es personnelles vous concernant et collect\u00e9es par le site sont uniquement destin\u00e9es \u00e0 l\u2019entreprise et seront uniquement exploit\u00e9es dans le cadre de la demande explicit\u00e9e via le formulaire.<br \/>En aucun cas, les donn\u00e9es personnelles saisies et envoy\u00e9es sur les formulaires ne seront transmises, lou\u00e9es ou commercialis\u00e9es \u00e0 des tiers.<br \/>Les employ\u00e9s de MAHE valident un engagement de confidentialit\u00e9 qui les oblige \u00e0 respecter la confidentialit\u00e9 des donn\u00e9es.<\/p><p>LIEU DE STOCKAGE DES DONN\u00c9ES PERSONNELLES<\/p><p>Les serveurs d\u2019h\u00e9bergement du site sont situ\u00e9s au sein de l\u2019Union Europ\u00e9enne.<br \/>Certaines techniques peuvent permettre une r\u00e9plication sur d&rsquo;autres serveurs dans le monde dans le but de favoriser l&rsquo;accessibilit\u00e9 du site.<br \/>MAHE s\u2019engage \u00e0 proc\u00e9der \u00e0 aucun transfert de donn\u00e9es \u00e0 caract\u00e8re personnel \u00e0 destination d\u2019un Etat non membre de la Communaut\u00e9 europ\u00e9enne.<\/p><p>S\u00c9CURIT\u00c9 DES DONN\u00c9ES PERSONNELLES<\/p><p>Le site est h\u00e9berg\u00e9 sur des serveurs s\u00e9curis\u00e9s.\u00a0La totalit\u00e9 des pages sont en mode s\u00e9curis\u00e9 de type HTTPS, TLS 1.2 \/ RSA. Il s\u2019agit d\u2019un protocole de s\u00e9curisation permettant de chiffrer le contenu des \u00e9changes entre le navigateur et les serveurs de bases de donn\u00e9es.<br \/>Cette s\u00e9curisation \u00e9vite que les donn\u00e9es personnelles saisies et envoy\u00e9es via les formulaires ne puissent \u00eatre lues en clair par des tiers lors de leur transit.<\/p><p>D\u00c9L\u00c9GU\u00c9 \u00c0 LA PROTECTION DES DONN\u00c9ES PERSONNELLES<\/p><p>Le D\u00e9l\u00e9gu\u00e9 \u00e0 la Protection des Donn\u00e9es (DPD) de l\u2019entreprise MAHE est notamment en charge d\u2019assurer la conformit\u00e9 des activit\u00e9s de l\u2019entreprise avec le nouveau cadre l\u00e9gal europ\u00e9en du RGPD et de coop\u00e9rer avec l\u2019autorit\u00e9 de contr\u00f4le.<br \/>Vous pouvez le contacter par courrier \u00e0 :<br \/>Marion Gavelle &#8211; Mahe<br \/>244 rue d&rsquo;Endoume<br \/>13007 Marseille<\/p><p>DROIT D\u2019ACC\u00c8S, DE RECTIFICATION OU DE SUPPRESSION DES DONN\u00c9ES PERSONNELLES<\/p><p>Conform\u00e9ment \u00e0 la loi Informatique et Libert\u00e9s du 6 janvier 1978 modifi\u00e9e, et le R\u00e8glement Europ\u00e9en G\u00e9n\u00e9ral sur la Protection des Donn\u00e9es 2016\/679 (RGPD), vous disposez des droits d\u2019acc\u00e8s, de rectification et de suppression des donn\u00e9es personnelles vous concernant que vous pouvez exercer en envoyant un courrier \u00e0 :<br \/>Marion Gavelle &#8211; Mahe<br \/>244 rue d&rsquo;Endoume<br \/>13007 Marseille<\/p>\t\t\t\t\t\t\t\t<\/div>\n\t\t\t\t<\/div>\n\t\t\t\t\t<\/div>\n\t\t<\/div>\n\t\t\t\t\t<\/div>\n\t\t<\/section>\n\t\t\t\t<section class=\"elementor-section elementor-top-section elementor-element elementor-element-37759c0 elementor-section-boxed elementor-section-height-default elementor-section-height-default wpr-particle-no wpr-jarallax-no wpr-parallax-no wpr-sticky-section-no wpr-equal-height-no\" data-id=\"37759c0\" data-element_type=\"section\" data-e-type=\"section\">\n\t\t\t\t\t\t<div class=\"elementor-container elementor-column-gap-default\">\n\t\t\t\t\t<div class=\"elementor-column elementor-col-100 elementor-top-column elementor-element elementor-element-c9975b9\" data-id=\"c9975b9\" data-element_type=\"column\" data-e-type=\"column\">\n\t\t\t<div class=\"elementor-widget-wrap\">\n\t\t\t\t\t\t\t<\/div>\n\t\t<\/div>\n\t\t\t\t\t<\/div>\n\t\t<\/section>\n\t\t\t\t<\/div>\n\t\t","protected":false},"excerpt":{"rendered":"<p>Politique de Confidentialit\u00e9 DONN\u00c9ES PERSONNELLES COLLECT\u00c9ES Deux types de donn\u00e9es \u00e0 caract\u00e8re personnel sont collect\u00e9s sur le site :&#8211; Donn\u00e9es saisies et envoy\u00e9es via les formulaires&#8211; Donn\u00e9es collect\u00e9es par l\u2019outil de mesure d\u2019audience Google Analytics (via son identifiant \u00ab\u00a0CID\u00a0\u00bb) RESPONSABLE DE TRAITEMENT DES DONN\u00c9ES PERSONNELLES Les donn\u00e9es personnelles sont collect\u00e9es sur le site par la soci\u00e9t\u00e9 MAHE FINALIT\u00c9 DE LA COLLECTE DES DONN\u00c9ES PERSONNELLES La collecte des donn\u00e9es personnelles \u00e0 travers les diff\u00e9rents formulaires pr\u00e9sents sur le site a pour but de :&#8211; recontacter les personnes qui ont laiss\u00e9 leurs informations en vue d&rsquo;\u00eatre contact\u00e9es.&#8211; assurer un suivi commercial des personnes et entreprises int\u00e9ress\u00e9es par nos services. En soumettant le formulaire et en cochant la case \u00e0 cocher de consentement du formulaire, l\u2019internaute donne express\u00e9ment son accord pour que les donn\u00e9es \u00e0 caract\u00e8re personnel soient trait\u00e9es pour la finalit\u00e9 de gestion de la relation commerciale. La collecte des donn\u00e9es personnelles \u00e0 travers l\u2019outil de suivi d\u2019audience Google Analytics utilis\u00e9 sur le site a pour but d&rsquo;analyser le comportement des internautes sur le site afin de pouvoir mesurer leur audience et am\u00e9liorer leur performance. Google Analytics utilise des cookies tiers afin de distinguer les utilisateurs.Les cookies sont des fichiers texte install\u00e9s sur le terminal des internautes. Ils ne contiennent aucune information nominative, uniquement des identifiants cr\u00e9\u00e9s de mani\u00e8re al\u00e9atoire. En parcourant le site, l\u2019internaute donne express\u00e9ment son accord pour que les donn\u00e9es \u00e0 caract\u00e8re personnel collect\u00e9es par Google Analytics soient trait\u00e9es pour la finalit\u00e9 d\u2019analyse du comportement des internautes en vue de l\u2019am\u00e9lioration de la performance du site. DUR\u00c9E DE CONSERVATIONS DES DONN\u00c9ES PERSONNELLES Les donn\u00e9es collect\u00e9es via les formulaires sont conserv\u00e9es pendant une dur\u00e9e d\u2019un an \u00e0 compter de l\u2019envoi du formulaire.Les cookies utilis\u00e9s par l\u2019outil de mesure d\u2019audience Google Analytics ont les dur\u00e9es de vie suivantes :_ga : 2 ans_gid : 24 heures _gat : 1 minute CONFIDENTIALIT\u00c9 DES DONN\u00c9ES PERSONNELLES Les donn\u00e9es personnelles vous concernant et collect\u00e9es par le site sont uniquement destin\u00e9es \u00e0 l\u2019entreprise et seront uniquement exploit\u00e9es dans le cadre de la demande explicit\u00e9e via le formulaire.En aucun cas, les donn\u00e9es personnelles saisies et envoy\u00e9es sur les formulaires ne seront transmises, lou\u00e9es ou commercialis\u00e9es \u00e0 des tiers.Les employ\u00e9s de MAHE valident un engagement de confidentialit\u00e9 qui les oblige \u00e0 respecter la confidentialit\u00e9 des donn\u00e9es. LIEU DE STOCKAGE DES DONN\u00c9ES PERSONNELLES Les serveurs d\u2019h\u00e9bergement du site sont situ\u00e9s au sein de l\u2019Union Europ\u00e9enne.Certaines techniques peuvent permettre une r\u00e9plication sur d&rsquo;autres serveurs dans le monde dans le but de favoriser l&rsquo;accessibilit\u00e9 du site.MAHE s\u2019engage \u00e0 proc\u00e9der \u00e0 aucun transfert de donn\u00e9es \u00e0 caract\u00e8re personnel \u00e0 destination d\u2019un Etat non membre de la Communaut\u00e9 europ\u00e9enne. S\u00c9CURIT\u00c9 DES DONN\u00c9ES PERSONNELLES Le site est h\u00e9berg\u00e9 sur des serveurs s\u00e9curis\u00e9s.\u00a0La totalit\u00e9 des pages sont en mode s\u00e9curis\u00e9 de type HTTPS, TLS 1.2 \/ RSA. Il s\u2019agit d\u2019un protocole de s\u00e9curisation permettant de chiffrer le contenu des \u00e9changes entre le navigateur et les serveurs de bases de donn\u00e9es.Cette s\u00e9curisation \u00e9vite que les donn\u00e9es personnelles saisies et envoy\u00e9es via les formulaires ne puissent \u00eatre lues en clair par des tiers lors de leur transit. D\u00c9L\u00c9GU\u00c9 \u00c0 LA PROTECTION DES DONN\u00c9ES PERSONNELLES Le D\u00e9l\u00e9gu\u00e9 \u00e0 la Protection des Donn\u00e9es (DPD) de l\u2019entreprise MAHE est notamment en charge d\u2019assurer la conformit\u00e9 des activit\u00e9s de l\u2019entreprise avec le nouveau cadre l\u00e9gal europ\u00e9en du RGPD et de coop\u00e9rer avec l\u2019autorit\u00e9 de contr\u00f4le.Vous pouvez le contacter par courrier \u00e0 :Marion Gavelle &#8211; Mahe244 rue d&rsquo;Endoume13007 Marseille DROIT D\u2019ACC\u00c8S, DE RECTIFICATION OU DE SUPPRESSION DES DONN\u00c9ES PERSONNELLES Conform\u00e9ment \u00e0 la loi Informatique et Libert\u00e9s du 6 janvier 1978 modifi\u00e9e, et le R\u00e8glement Europ\u00e9en G\u00e9n\u00e9ral sur la Protection des Donn\u00e9es 2016\/679 (RGPD), vous disposez des droits d\u2019acc\u00e8s, de rectification et de suppression des donn\u00e9es personnelles vous concernant que vous pouvez exercer en envoyant un courrier \u00e0 :Marion Gavelle &#8211; Mahe244 rue d&rsquo;Endoume13007 Marseille<\/p>\n","protected":false},"author":1,"featured_media":0,"parent":0,"menu_order":0,"comment_status":"closed","ping_status":"closed","template":"","meta":{"_monsterinsights_skip_tracking":false,"_monsterinsights_sitenote_active":false,"_monsterinsights_sitenote_note":"","_monsterinsights_sitenote_category":0,"_kadence_starter_templates_imported_post":true,"_kad_post_transparent":"","_kad_post_title":"hide","_kad_post_layout":"fullwidth","_kad_post_sidebar_id":"","_kad_post_content_style":"unboxed","_kad_post_vertical_padding":"hide","_kad_post_feature":"hide","_kad_post_feature_position":"","_kad_post_header":false,"_kad_post_footer":false,"footnotes":""},"class_list":["post-251","page","type-page","status-publish","hentry"],"aioseo_notices":[],"yoast_head":"<!-- This site is optimized with the Yoast SEO plugin v25.6 - https:\/\/yoast.com\/wordpress\/plugins\/seo\/ -->\n<title>Fleuriste \u00e9coresponsable - Atelier Mahe<\/title>\n<meta name=\"description\" content=\"Fleuriste \u00e9coresponsable au coeur de Marseille - Des bouquets uniques pour vos \u00e9v\u00e8nements avec des fleurs fra\u00eeches et de saison.\" \/>\n<meta name=\"robots\" content=\"index, follow, max-snippet:-1, max-image-preview:large, max-video-preview:-1\" \/>\n<link rel=\"canonical\" href=\"https:\/\/ateliermahe.fr\/?page_id=251\" \/>\n<meta property=\"og:locale\" content=\"fr_FR\" \/>\n<meta property=\"og:type\" content=\"article\" \/>\n<meta property=\"og:title\" content=\"Fleuriste \u00e9coresponsable - Atelier Mahe\" \/>\n<meta property=\"og:description\" content=\"Fleuriste \u00e9coresponsable au coeur de Marseille - Des bouquets uniques pour vos \u00e9v\u00e8nements avec des fleurs fra\u00eeches et de saison.\" \/>\n<meta property=\"og:url\" content=\"https:\/\/ateliermahe.fr\/?page_id=251\" \/>\n<meta property=\"og:site_name\" content=\"Atelier Mahe\" \/>\n<meta property=\"article:modified_time\" content=\"2022-08-19T17:08:33+00:00\" \/>\n<meta name=\"twitter:card\" content=\"summary_large_image\" \/>\n<meta name=\"twitter:label1\" content=\"Dur\u00e9e de lecture estim\u00e9e\" \/>\n\t<meta name=\"twitter:data1\" content=\"4 minutes\" \/>\n<script type=\"application\/ld+json\" class=\"yoast-schema-graph\">{\"@context\":\"https:\/\/schema.org\",\"@graph\":[{\"@type\":\"WebPage\",\"@id\":\"https:\/\/ateliermahe.fr\/?page_id=251\",\"url\":\"https:\/\/ateliermahe.fr\/?page_id=251\",\"name\":\"Fleuriste \u00e9coresponsable - Atelier Mahe\",\"isPartOf\":{\"@id\":\"https:\/\/ateliermahe.fr\/#website\"},\"datePublished\":\"2022-08-19T17:01:20+00:00\",\"dateModified\":\"2022-08-19T17:08:33+00:00\",\"description\":\"Fleuriste \u00e9coresponsable au coeur de Marseille - Des bouquets uniques pour vos \u00e9v\u00e8nements avec des fleurs fra\u00eeches et de saison.\",\"breadcrumb\":{\"@id\":\"https:\/\/ateliermahe.fr\/?page_id=251#breadcrumb\"},\"inLanguage\":\"fr-FR\",\"potentialAction\":[{\"@type\":\"ReadAction\",\"target\":[\"https:\/\/ateliermahe.fr\/?page_id=251\"]}]},{\"@type\":\"BreadcrumbList\",\"@id\":\"https:\/\/ateliermahe.fr\/?page_id=251#breadcrumb\",\"itemListElement\":[{\"@type\":\"ListItem\",\"position\":1,\"name\":\"Accueil\",\"item\":\"https:\/\/ateliermahe.fr\/\"},{\"@type\":\"ListItem\",\"position\":2,\"name\":\"Politique de Confidentialit\u00e9\"}]},{\"@type\":\"WebSite\",\"@id\":\"https:\/\/ateliermahe.fr\/#website\",\"url\":\"https:\/\/ateliermahe.fr\/\",\"name\":\"Atelier Mahe\",\"description\":\"Votre fleuriste au coeur d&#039;Endoume\",\"publisher\":{\"@id\":\"https:\/\/ateliermahe.fr\/#organization\"},\"potentialAction\":[{\"@type\":\"SearchAction\",\"target\":{\"@type\":\"EntryPoint\",\"urlTemplate\":\"https:\/\/ateliermahe.fr\/?s={search_term_string}\"},\"query-input\":{\"@type\":\"PropertyValueSpecification\",\"valueRequired\":true,\"valueName\":\"search_term_string\"}}],\"inLanguage\":\"fr-FR\"},{\"@type\":\"Organization\",\"@id\":\"https:\/\/ateliermahe.fr\/#organization\",\"name\":\"Atelier Mahe\",\"url\":\"https:\/\/ateliermahe.fr\/\",\"logo\":{\"@type\":\"ImageObject\",\"inLanguage\":\"fr-FR\",\"@id\":\"https:\/\/ateliermahe.fr\/#\/schema\/logo\/image\/\",\"url\":\"https:\/\/ateliermahe.fr\/wp-content\/uploads\/2022\/08\/21-09-logo.png\",\"contentUrl\":\"https:\/\/ateliermahe.fr\/wp-content\/uploads\/2022\/08\/21-09-logo.png\",\"width\":4032,\"height\":3024,\"caption\":\"Atelier Mahe\"},\"image\":{\"@id\":\"https:\/\/ateliermahe.fr\/#\/schema\/logo\/image\/\"}}]}<\/script>\n<!-- \/ Yoast SEO plugin. -->","yoast_head_json":{"title":"Fleuriste \u00e9coresponsable - Atelier Mahe","description":"Fleuriste \u00e9coresponsable au coeur de Marseille - Des bouquets uniques pour vos \u00e9v\u00e8nements avec des fleurs fra\u00eeches et de saison.","robots":{"index":"index","follow":"follow","max-snippet":"max-snippet:-1","max-image-preview":"max-image-preview:large","max-video-preview":"max-video-preview:-1"},"canonical":"https:\/\/ateliermahe.fr\/?page_id=251","og_locale":"fr_FR","og_type":"article","og_title":"Fleuriste \u00e9coresponsable - Atelier Mahe","og_description":"Fleuriste \u00e9coresponsable au coeur de Marseille - Des bouquets uniques pour vos \u00e9v\u00e8nements avec des fleurs fra\u00eeches et de saison.","og_url":"https:\/\/ateliermahe.fr\/?page_id=251","og_site_name":"Atelier Mahe","article_modified_time":"2022-08-19T17:08:33+00:00","twitter_card":"summary_large_image","twitter_misc":{"Dur\u00e9e de lecture estim\u00e9e":"4 minutes"},"schema":{"@context":"https:\/\/schema.org","@graph":[{"@type":"WebPage","@id":"https:\/\/ateliermahe.fr\/?page_id=251","url":"https:\/\/ateliermahe.fr\/?page_id=251","name":"Fleuriste \u00e9coresponsable - Atelier Mahe","isPartOf":{"@id":"https:\/\/ateliermahe.fr\/#website"},"datePublished":"2022-08-19T17:01:20+00:00","dateModified":"2022-08-19T17:08:33+00:00","description":"Fleuriste \u00e9coresponsable au coeur de Marseille - Des bouquets uniques pour vos \u00e9v\u00e8nements avec des fleurs fra\u00eeches et de saison.","breadcrumb":{"@id":"https:\/\/ateliermahe.fr\/?page_id=251#breadcrumb"},"inLanguage":"fr-FR","potentialAction":[{"@type":"ReadAction","target":["https:\/\/ateliermahe.fr\/?page_id=251"]}]},{"@type":"BreadcrumbList","@id":"https:\/\/ateliermahe.fr\/?page_id=251#breadcrumb","itemListElement":[{"@type":"ListItem","position":1,"name":"Accueil","item":"https:\/\/ateliermahe.fr\/"},{"@type":"ListItem","position":2,"name":"Politique de Confidentialit\u00e9"}]},{"@type":"WebSite","@id":"https:\/\/ateliermahe.fr\/#website","url":"https:\/\/ateliermahe.fr\/","name":"Atelier Mahe","description":"Votre fleuriste au coeur d&#039;Endoume","publisher":{"@id":"https:\/\/ateliermahe.fr\/#organization"},"potentialAction":[{"@type":"SearchAction","target":{"@type":"EntryPoint","urlTemplate":"https:\/\/ateliermahe.fr\/?s={search_term_string}"},"query-input":{"@type":"PropertyValueSpecification","valueRequired":true,"valueName":"search_term_string"}}],"inLanguage":"fr-FR"},{"@type":"Organization","@id":"https:\/\/ateliermahe.fr\/#organization","name":"Atelier Mahe","url":"https:\/\/ateliermahe.fr\/","logo":{"@type":"ImageObject","inLanguage":"fr-FR","@id":"https:\/\/ateliermahe.fr\/#\/schema\/logo\/image\/","url":"https:\/\/ateliermahe.fr\/wp-content\/uploads\/2022\/08\/21-09-logo.png","contentUrl":"https:\/\/ateliermahe.fr\/wp-content\/uploads\/2022\/08\/21-09-logo.png","width":4032,"height":3024,"caption":"Atelier Mahe"},"image":{"@id":"https:\/\/ateliermahe.fr\/#\/schema\/logo\/image\/"}}]}},"_links":{"self":[{"href":"https:\/\/ateliermahe.fr\/index.php?rest_route=\/wp\/v2\/pages\/251"}],"collection":[{"href":"https:\/\/ateliermahe.fr\/index.php?rest_route=\/wp\/v2\/pages"}],"about":[{"href":"https:\/\/ateliermahe.fr\/index.php?rest_route=\/wp\/v2\/types\/page"}],"author":[{"embeddable":true,"href":"https:\/\/ateliermahe.fr\/index.php?rest_route=\/wp\/v2\/users\/1"}],"replies":[{"embeddable":true,"href":"https:\/\/ateliermahe.fr\/index.php?rest_route=%2Fwp%2Fv2%2Fcomments&post=251"}],"version-history":[{"count":5,"href":"https:\/\/ateliermahe.fr\/index.php?rest_route=\/wp\/v2\/pages\/251\/revisions"}],"predecessor-version":[{"id":256,"href":"https:\/\/ateliermahe.fr\/index.php?rest_route=\/wp\/v2\/pages\/251\/revisions\/256"}],"wp:attachment":[{"href":"https:\/\/ateliermahe.fr\/index.php?rest_route=%2Fwp%2Fv2%2Fmedia&parent=251"}],"curies":[{"name":"wp","href":"https:\/\/api.w.org\/{rel}","templated":true}]}}